{"id":497,"date":"2022-02-21T12:44:08","date_gmt":"2022-02-21T12:44:08","guid":{"rendered":"https:\/\/angelica.ntfnd.it\/?page_id=497"},"modified":"2023-06-22T08:58:33","modified_gmt":"2023-06-22T06:58:33","slug":"services","status":"publish","type":"page","link":"https:\/\/angelica.ntfnd.it\/?page_id=497","title":{"rendered":"INSCR\u00cdBETE"},"content":{"rendered":"\n<div class=\"wp-block-uagb-container uagb-block-ad925e10 alignfull uagb-is-root-container\"><div class=\"uagb-container-inner-blocks-wrap\">\n<div class=\"wp-block-uagb-advanced-heading uagb-block-ab2ff3f2\"><h2 class=\"uagb-heading-text\">INSCR\u00cdBETE<\/h2><\/div>\n<\/div><\/div>\n\n\n\n<div class=\"wp-block-uagb-container uagb-block-0bc5c2a4 alignfull uagb-is-root-container\"><div class=\"uagb-container-inner-blocks-wrap\">\n<div class=\"wp-block-uagb-advanced-heading uagb-block-9646a258\"><h3 class=\"uagb-heading-text\">METODOS<\/h3><\/div>\n\n\n\n<div class=\"wp-block-uagb-advanced-heading uagb-block-64f0e0f5\"><h2 class=\"uagb-heading-text\">PARA UNIRTE A LA COMUNIDAD<\/h2><\/div>\n\n\n\n<div class=\"wp-block-uagb-info-box uagb-block-ed9db648 uagb-infobox__content-wrap  uagb-infobox-icon-above-title uagb-infobox-image-valign-top\"><div class=\"uagb-ifb-content\"><div class=\"uagb-ifb-title-wrap\"><h3 class=\"uagb-ifb-title\"><br><\/h3><\/div><p class=\"uagb-ifb-desc\">\u00a1Es maravilloso que est\u00e9s interesado en donar a la Fundaci\u00f3n MISIOBETES!<br><br>Explora las opciones de donaci\u00f3n disponibles. Pueden ofrecer diferentes m\u00e9todos de donaci\u00f3n, como transferencia bancaria, tarjeta de cr\u00e9dito o d\u00e9bito, servicios de pago en l\u00ednea, o incluso donaciones peri\u00f3dicas.<br>Selecciona el m\u00e9todo de donaci\u00f3n que m\u00e1s te convenga y sigue las instrucciones proporcionadas en el sitio web. Es posible que debas completar un formulario con tus datos personales y la cantidad que deseas donar.<br>Si tienes alguna pregunta o requieres asistencia adicional, comun\u00edcate directamente con la Fundaci\u00f3n para Diab\u00e9ticos a trav\u00e9s de los datos de contacto disponibles en su sitio web.<\/p><div class=\"uagb-ifb-button-wrapper wp-block-button\"><a href=\"\" target=\"_self\" onclick=\"return false;\" class=\"uagb-infobox-cta-link\" rel=\"noopener noreferrer\" alt=\"\"><span class=\"uagb-inline-editing\">CONTINUA<\/span><svg xmlns=\"https:\/\/www.w3.org\/2000\/svg\" viewBox=\"0 0 512 512\"><path d=\"M504.3 273.6l-112.1 104c-6.992 6.484-17.18 8.218-25.94 4.406c-8.758-3.812-14.42-12.45-14.42-21.1L351.9 288H32C14.33 288 .0002 273.7 .0002 255.1S14.33 224 32 224h319.9l0-72c0-9.547 5.66-18.19 14.42-22c8.754-3.809 18.95-2.075 25.94 4.41l112.1 104C514.6 247.9 514.6 264.1 504.3 273.6z\"><\/path><\/svg><\/a><\/div><\/div><\/div>\n\n\n\n<div class=\"wp-block-uagb-container uagb-block-fc827628\">\n<div class=\"wp-block-uagb-container uagb-block-a154d9e1\">\n<div class=\"wp-block-uagb-info-box uagb-block-b0487aef uagb-infobox__content-wrap  uagb-infobox-icon-above-title uagb-infobox-image-valign-top\"><div class=\"uagb-ifb-content\"><div class=\"uagb-ifb-image-content\"><img decoding=\"async\" src=\"http:\/\/angelica.ntfnd.it\/wp-content\/uploads\/2023\/06\/money-gf4d9a9e18_1280-1.jpg\" alt=\"\" width=\"1280\" height=\"882\" loading=\"lazy\"\/><\/div><div class=\"uagb-ifb-title-wrap\"><h3 class=\"uagb-ifb-title\">SUSCRIPCI\u00d3N<\/h3><\/div><p class=\"uagb-ifb-desc\">La subscripci\u00f3n tiene un costo de 8 euros al mes. Cada dos meses recibir\u00e1s un regalo y apoyar\u00e1s a nuestra causa, las ganancias ser\u00e1n donadas.<\/p><div class=\"uagb-ifb-button-wrapper wp-block-button\"><a href=\"\" target=\"_self\" onclick=\"return false;\" class=\"uagb-infobox-cta-link\" rel=\"noopener noreferrer\" alt=\"\"><span class=\"uagb-inline-editing\">Lee m\u00e1s<\/span><svg xmlns=\"https:\/\/www.w3.org\/2000\/svg\" viewBox=\"0 0 512 512\"><path d=\"M504.3 273.6l-112.1 104c-6.992 6.484-17.18 8.218-25.94 4.406c-8.758-3.812-14.42-12.45-14.42-21.1L351.9 288H32C14.33 288 .0002 273.7 .0002 255.1S14.33 224 32 224h319.9l0-72c0-9.547 5.66-18.19 14.42-22c8.754-3.809 18.95-2.075 25.94 4.41l112.1 104C514.6 247.9 514.6 264.1 504.3 273.6z\"><\/path><\/svg><\/a><\/div><\/div><\/div>\n<\/div>\n\n\n\n<div class=\"wp-block-uagb-container uagb-block-ec761938\">\n<div class=\"wp-block-uagb-info-box uagb-block-fbaeca25 uagb-infobox__content-wrap  uagb-infobox-icon-above-title uagb-infobox-image-valign-top\"><div class=\"uagb-ifb-content\"><div class=\"uagb-ifb-image-content\"><img decoding=\"async\" src=\"http:\/\/angelica.ntfnd.it\/wp-content\/uploads\/2023\/06\/people-gcdda6ae16_1280.jpg\" alt=\"\" width=\"1280\" height=\"874\" loading=\"lazy\"\/><\/div><div class=\"uagb-ifb-title-wrap\"><h3 class=\"uagb-ifb-title\">GRUPO<\/h3><\/div><p class=\"uagb-ifb-desc\">No tiene ning\u00fan costo, solo necesitamos tus datos para a\u00f1adirte al grupo, en el cual te daremos datos y eventos relacionados a la diabetes.<\/p><div class=\"uagb-ifb-button-wrapper wp-block-button\"><a href=\"\" target=\"_self\" onclick=\"return false;\" class=\"uagb-infobox-cta-link\" rel=\"noopener noreferrer\" alt=\"\"><span class=\"uagb-inline-editing\">Lee m\u00e1s<\/span><svg xmlns=\"https:\/\/www.w3.org\/2000\/svg\" viewBox=\"0 0 512 512\"><path d=\"M504.3 273.6l-112.1 104c-6.992 6.484-17.18 8.218-25.94 4.406c-8.758-3.812-14.42-12.45-14.42-21.1L351.9 288H32C14.33 288 .0002 273.7 .0002 255.1S14.33 224 32 224h319.9l0-72c0-9.547 5.66-18.19 14.42-22c8.754-3.809 18.95-2.075 25.94 4.41l112.1 104C514.6 247.9 514.6 264.1 504.3 273.6z\"><\/path><\/svg><\/a><\/div><\/div><\/div>\n<\/div>\n\n\n\n<div class=\"wp-block-uagb-container uagb-block-cf34fa37\">\n<div class=\"wp-block-uagb-info-box uagb-block-667648de uagb-infobox__content-wrap  uagb-infobox-icon-above-title uagb-infobox-image-valign-top\"><div class=\"uagb-ifb-content\"><div class=\"uagb-ifb-image-content\"><img decoding=\"async\" src=\"http:\/\/angelica.ntfnd.it\/wp-content\/uploads\/2023\/06\/teamwork-g8b523708e_1280.jpg\" alt=\"\" width=\"1280\" height=\"807\" loading=\"lazy\"\/><\/div><div class=\"uagb-ifb-title-wrap\"><h3 class=\"uagb-ifb-title\">DONACI\u00d3N<\/h3><\/div><p class=\"uagb-ifb-desc\">Puedes donar la cantidad que quieras cuando quieras, si te unes al grupo y haces varias donaciones recibir\u00e1s un detalle de nuestra parte.<\/p><div class=\"uagb-ifb-button-wrapper wp-block-button\"><a href=\"\" target=\"_self\" onclick=\"return false;\" class=\"uagb-infobox-cta-link\" rel=\"noopener noreferrer\" alt=\"\"><span class=\"uagb-inline-editing\">Lee m\u00e1s<\/span><svg xmlns=\"https:\/\/www.w3.org\/2000\/svg\" viewBox=\"0 0 512 512\"><path d=\"M504.3 273.6l-112.1 104c-6.992 6.484-17.18 8.218-25.94 4.406c-8.758-3.812-14.42-12.45-14.42-21.1L351.9 288H32C14.33 288 .0002 273.7 .0002 255.1S14.33 224 32 224h319.9l0-72c0-9.547 5.66-18.19 14.42-22c8.754-3.809 18.95-2.075 25.94 4.41l112.1 104C514.6 247.9 514.6 264.1 504.3 273.6z\"><\/path><\/svg><\/a><\/div><\/div><\/div>\n<\/div>\n<\/div>\n\n\n\n<div class=\"wp-block-uagb-container uagb-block-c392e508\">\n<div class=\"wp-block-uagb-container uagb-block-56b180c8\"><\/div>\n\n\n\n<div class=\"wp-block-uagb-container uagb-block-f9643755\"><\/div>\n\n\n\n<div class=\"wp-block-uagb-container uagb-block-45e7296b\"><\/div>\n<\/div>\n<\/div><\/div>\n\n\n\n<div class=\"wp-block-uagb-container uagb-block-d7a77ecb alignfull uagb-is-root-container\"><div class=\"uagb-container-inner-blocks-wrap\">\n<div class=\"wp-block-uagb-advanced-heading uagb-block-ceb2adfc\"><h4 class=\"uagb-heading-text\">No olvides que&#8230;<\/h4><\/div>\n\n\n\n<div class=\"wp-block-uagb-advanced-heading uagb-block-d416408b\"><h3 class=\"uagb-heading-text\">TODOS SOMOS PARTE DE ESTO<\/h3><\/div>\n\n\n\n<div class=\"wp-block-uagb-container uagb-block-7b1e23bd\">\n<div class=\"wp-block-uagb-container uagb-block-14f135fa\"><\/div>\n\n\n\n<div class=\"wp-block-uagb-container uagb-block-04d0022d\"><\/div>\n\n\n\n<div class=\"wp-block-uagb-container uagb-block-6ab53f62\"><\/div>\n\n\n\n<div class=\"wp-block-uagb-container uagb-block-d0c70cde\"><\/div>\n<\/div>\n<\/div><\/div>\n","protected":false},"excerpt":{"rendered":"<p>INSCR\u00cdBETE METODOS PARA UNIRTE A LA COMUNIDAD No olvides que&#8230; TODOS SOMOS PARTE DE ESTO<\/p>\n","protected":false},"author":1,"featured_media":0,"parent":0,"menu_order":0,"comment_status":"closed","ping_status":"closed","template":"","meta":{"_uag_custom_page_level_css":"","site-sidebar-layout":"no-sidebar","site-content-layout":"plain-container","ast-global-header-display":"","ast-main-header-display":"","ast-hfb-above-header-display":"","ast-hfb-below-header-display":"","ast-hfb-mobile-header-display":"","site-post-title":"disabled","ast-breadcrumbs-content":"","ast-featured-img":"disabled","footer-sml-layout":"","theme-transparent-header-meta":"enabled","adv-header-id-meta":"","stick-header-meta":"","header-above-stick-meta":"","header-main-stick-meta":"","header-below-stick-meta":"","footnotes":""},"class_list":["post-497","page","type-page","status-publish","hentry"],"uagb_featured_image_src":{"full":false,"thumbnail":false,"medium":false,"medium_large":false,"large":false,"1536x1536":false,"2048x2048":false,"woocommerce_thumbnail":false,"woocommerce_single":false,"woocommerce_gallery_thumbnail":false},"uagb_author_info":{"display_name":"Angelica Marmolejo","author_link":"https:\/\/angelica.ntfnd.it\/?author=1"},"uagb_comment_info":0,"uagb_excerpt":"INSCR\u00cdBETE METODOS PARA UNIRTE A LA COMUNIDAD No olvides que&#8230; TODOS SOMOS PARTE DE ESTO","_links":{"self":[{"href":"https:\/\/angelica.ntfnd.it\/index.php?rest_route=\/wp\/v2\/pages\/497","targetHints":{"allow":["GET"]}}],"collection":[{"href":"https:\/\/angelica.ntfnd.it\/index.php?rest_route=\/wp\/v2\/pages"}],"about":[{"href":"https:\/\/angelica.ntfnd.it\/index.php?rest_route=\/wp\/v2\/types\/page"}],"author":[{"embeddable":true,"href":"https:\/\/angelica.ntfnd.it\/index.php?rest_route=\/wp\/v2\/users\/1"}],"replies":[{"embeddable":true,"href":"https:\/\/angelica.ntfnd.it\/index.php?rest_route=%2Fwp%2Fv2%2Fcomments&post=497"}],"version-history":[{"count":17,"href":"https:\/\/angelica.ntfnd.it\/index.php?rest_route=\/wp\/v2\/pages\/497\/revisions"}],"predecessor-version":[{"id":1441,"href":"https:\/\/angelica.ntfnd.it\/index.php?rest_route=\/wp\/v2\/pages\/497\/revisions\/1441"}],"wp:attachment":[{"href":"https:\/\/angelica.ntfnd.it\/index.php?rest_route=%2Fwp%2Fv2%2Fmedia&parent=497"}],"curies":[{"name":"wp","href":"https:\/\/api.w.org\/{rel}","templated":true}]}}