{"id":495,"date":"2022-02-21T12:43:39","date_gmt":"2022-02-21T12:43:39","guid":{"rendered":"https:\/\/angelica.ntfnd.it\/?page_id=495"},"modified":"2023-06-22T09:00:08","modified_gmt":"2023-06-22T07:00:08","slug":"projects","status":"publish","type":"page","link":"https:\/\/angelica.ntfnd.it\/?page_id=495","title":{"rendered":"SOBRE NOSOTROS"},"content":{"rendered":"\n<div class=\"wp-block-uagb-container uagb-block-2e3fc3c9 alignfull uagb-is-root-container\"><div class=\"uagb-container-inner-blocks-wrap\">\n<div class=\"wp-block-uagb-advanced-heading uagb-block-cf6885d5\"><h2 class=\"uagb-heading-text\">SOBRE NOSOTROS<\/h2><\/div>\n<\/div><\/div>\n\n\n\n<div class=\"wp-block-uagb-container uagb-block-c514920c alignfull uagb-is-root-container\"><div class=\"uagb-container-inner-blocks-wrap\">\n<div class=\"wp-block-uagb-advanced-heading uagb-block-3aa67952\"><h4 class=\"uagb-heading-text\">TODOS LOS<\/h4><\/div>\n\n\n\n<div class=\"wp-block-uagb-advanced-heading uagb-block-18efc064\"><h2 class=\"uagb-heading-text\">MISIO &#8211; CREADORES<\/h2><\/div>\n\n\n\n<div class=\"wp-block-uagb-info-box uagb-block-83cf070c uagb-infobox__content-wrap  uagb-infobox-icon-above-title uagb-infobox-image-valign-top\"><div class=\"uagb-ifb-content\"><div class=\"uagb-ifb-title-wrap\"><\/div><p class=\"uagb-ifb-desc\">La Fundaci\u00f3n para Diab\u00e9ticos fue creada por un grupo de profesionales comprometidos y apasionados que deseaban marcar la diferencia en la vida de las personas con diabetes. Estos creadores, compuestos por m\u00e9dicos, investigadores, educadores y personas con experiencia directa en la enfermedad, se unieron con el objetivo com\u00fan de proporcionar apoyo y recursos para aquellos que luchan contra la diabetes.<br>Los fundadores de la Fundaci\u00f3n para Diab\u00e9ticos tienen una profunda comprensi\u00f3n de los desaf\u00edos y las necesidades que enfrentan las personas con diabetes en su d\u00eda a d\u00eda. Su experiencia combinada en el campo de la medicina, la investigaci\u00f3n y la educaci\u00f3n les permite abordar de manera integral los aspectos m\u00e9dicos, emocionales y educativos de esta enfermedad cr\u00f3nica.<br>Adem\u00e1s, los creadores de la fundaci\u00f3n est\u00e1n comprometidos con la promoci\u00f3n de la conciencia p\u00fablica sobre la diabetes y la lucha contra el estigma asociado a ella. Trabajan incansablemente para educar a la comunidad, generar apoyo y recaudar fondos para programas de investigaci\u00f3n, campa\u00f1as de prevenci\u00f3n y acceso a servicios m\u00e9dicos para aquellos que lo necesitan.<br><br><\/p><div class=\"uagb-ifb-button-wrapper wp-block-button\"><a href=\"\" target=\"_self\" onclick=\"return false;\" class=\"uagb-infobox-cta-link\" rel=\"noopener noreferrer\" alt=\"\"><span class=\"uagb-inline-editing\">CONTINUA<\/span><svg xmlns=\"https:\/\/www.w3.org\/2000\/svg\" viewBox=\"0 0 512 512\"><path d=\"M504.3 273.6l-112.1 104c-6.992 6.484-17.18 8.218-25.94 4.406c-8.758-3.812-14.42-12.45-14.42-21.1L351.9 288H32C14.33 288 .0002 273.7 .0002 255.1S14.33 224 32 224h319.9l0-72c0-9.547 5.66-18.19 14.42-22c8.754-3.809 18.95-2.075 25.94 4.41l112.1 104C514.6 247.9 514.6 264.1 504.3 273.6z\"><\/path><\/svg><\/a><\/div><\/div><\/div>\n<\/div><\/div>\n\n\n\n<div class=\"wp-block-uagb-container uagb-block-595b7530 alignfull uagb-is-root-container\">\n<div class=\"wp-block-uagb-container uagb-block-d155f73d\">\n<div class=\"wp-block-uagb-advanced-heading uagb-block-26ec5480\"><h5 class=\"uagb-heading-text\">Ang\u00e9lica Marmolejo<\/h5><\/div>\n<\/div>\n\n\n\n<div class=\"wp-block-uagb-container uagb-block-abbdf18b\">\n<div class=\"wp-block-uagb-advanced-heading uagb-block-e7af0829\"><h5 class=\"uagb-heading-text\">Alberto Marmolejo<\/h5><\/div>\n<\/div>\n\n\n\n<div class=\"wp-block-uagb-container uagb-block-deb26c6c\">\n<div class=\"wp-block-uagb-advanced-heading uagb-block-56b7886e\"><h5 class=\"uagb-heading-text\">Mario Angulo<\/h5><\/div>\n<\/div>\n<\/div>\n\n\n\n<div class=\"wp-block-uagb-container uagb-block-4748224e alignfull uagb-is-root-container\">\n<div class=\"wp-block-uagb-container uagb-block-819fae4c\">\n<div class=\"wp-block-uagb-advanced-heading uagb-block-b719af08\"><h5 class=\"uagb-heading-text\">Laura Villacis<\/h5><\/div>\n<\/div>\n\n\n\n<div class=\"wp-block-uagb-container uagb-block-384a040b\">\n<div class=\"wp-block-uagb-advanced-heading uagb-block-c9320880\"><h5 class=\"uagb-heading-text\">Juan Jos\u00e9 Moreno<\/h5><\/div>\n<\/div>\n\n\n\n<div class=\"wp-block-uagb-container uagb-block-d5c46a90\">\n<div class=\"wp-block-uagb-advanced-heading uagb-block-ae5db80b\"><h5 class=\"uagb-heading-text\">Andrea Maria Mendez<\/h5><\/div>\n<\/div>\n<\/div>\n\n\n\n<div class=\"wp-block-uagb-container uagb-block-f40bd833 alignfull uagb-is-root-container\"><div class=\"uagb-container-inner-blocks-wrap\">\n<div class=\"wp-block-uagb-advanced-heading uagb-block-4b21cf97\"><h3 class=\"uagb-heading-text\">SIGUENOS<\/h3><\/div>\n\n\n\n<div class=\"wp-block-uagb-advanced-heading uagb-block-878ae3e4\"><h2 class=\"uagb-heading-text\">EN NUESTRAS REDES<\/h2><\/div>\n\n\n\n<div class=\"wp-block-uagb-social-share uagb-social-share__outer-wrap uagb-social-share__layout-horizontal uagb-block-9ffb5c3a\">\n<div class=\"wp-block-uagb-social-share-child uagb-ss-repeater uagb-ss__wrapper uagb-block-fd03dc60\"><a class=\"uagb-ss__link\" data-href=\"https:\/\/www.facebook.com\/sharer.php?u=\" rel=\"noopener noreferrer\"><span class=\"uagb-ss__source-wrap\"><span class=\"uagb-ss__source-icon\"><svg xmlns=\"https:\/\/www.w3.org\/2000\/svg\" viewBox=\"0 0 512 512\"><path d=\"M504 256C504 119 393 8 256 8S8 119 8 256c0 123.8 90.69 226.4 209.3 245V327.7h-63V256h63v-54.64c0-62.15 37-96.48 93.67-96.48 27.14 0 55.52 4.84 55.52 4.84v61h-31.28c-30.8 0-40.41 19.12-40.41 38.73V256h68.78l-11 71.69h-57.78V501C413.3 482.4 504 379.8 504 256z\"><\/path><\/svg><\/span><\/span><\/a><\/div>\n\n\n\n<div class=\"wp-block-uagb-social-share-child uagb-ss-repeater uagb-ss__wrapper uagb-block-8c9dd65c\"><a class=\"uagb-ss__link\" data-href=\"https:\/\/twitter.com\/share?url=\" rel=\"noopener noreferrer\"><span class=\"uagb-ss__source-wrap\"><span class=\"uagb-ss__source-icon\"><svg xmlns=\"https:\/\/www.w3.org\/2000\/svg\" viewBox=\"0 0 448 512\"><path d=\"M400 32H48C21.5 32 0 53.5 0 80v352c0 26.5 21.5 48 48 48h352c26.5 0 48-21.5 48-48V80c0-26.5-21.5-48-48-48zm-48.9 158.8c.2 2.8 .2 5.7 .2 8.5 0 86.7-66 186.6-186.6 186.6-37.2 0-71.7-10.8-100.7-29.4 5.3 .6 10.4 .8 15.8 .8 30.7 0 58.9-10.4 81.4-28-28.8-.6-53-19.5-61.3-45.5 10.1 1.5 19.2 1.5 29.6-1.2-30-6.1-52.5-32.5-52.5-64.4v-.8c8.7 4.9 18.9 7.9 29.6 8.3a65.45 65.45 0 0 1 -29.2-54.6c0-12.2 3.2-23.4 8.9-33.1 32.3 39.8 80.8 65.8 135.2 68.6-9.3-44.5 24-80.6 64-80.6 18.9 0 35.9 7.9 47.9 20.7 14.8-2.8 29-8.3 41.6-15.8-4.9 15.2-15.2 28-28.8 36.1 13.2-1.4 26-5.1 37.8-10.2-8.9 13.1-20.1 24.7-32.9 34z\"><\/path><\/svg><\/span><\/span><\/a><\/div>\n\n\n\n<div class=\"wp-block-uagb-social-share-child uagb-ss-repeater uagb-ss__wrapper uagb-block-2a1978a2\"><a class=\"uagb-ss__link\" data-href=\"https:\/\/pinterest.com\/pin\/create\/link\/?url=\" rel=\"noopener noreferrer\"><span class=\"uagb-ss__source-wrap\"><span class=\"uagb-ss__source-icon\"><svg xmlns=\"https:\/\/www.w3.org\/2000\/svg\" viewBox=\"0 0 448 512\"><path d=\"M224.1 141c-63.6 0-114.9 51.3-114.9 114.9s51.3 114.9 114.9 114.9S339 319.5 339 255.9 287.7 141 224.1 141zm0 189.6c-41.1 0-74.7-33.5-74.7-74.7s33.5-74.7 74.7-74.7 74.7 33.5 74.7 74.7-33.6 74.7-74.7 74.7zm146.4-194.3c0 14.9-12 26.8-26.8 26.8-14.9 0-26.8-12-26.8-26.8s12-26.8 26.8-26.8 26.8 12 26.8 26.8zm76.1 27.2c-1.7-35.9-9.9-67.7-36.2-93.9-26.2-26.2-58-34.4-93.9-36.2-37-2.1-147.9-2.1-184.9 0-35.8 1.7-67.6 9.9-93.9 36.1s-34.4 58-36.2 93.9c-2.1 37-2.1 147.9 0 184.9 1.7 35.9 9.9 67.7 36.2 93.9s58 34.4 93.9 36.2c37 2.1 147.9 2.1 184.9 0 35.9-1.7 67.7-9.9 93.9-36.2 26.2-26.2 34.4-58 36.2-93.9 2.1-37 2.1-147.8 0-184.8zM398.8 388c-7.8 19.6-22.9 34.7-42.6 42.6-29.5 11.7-99.5 9-132.1 9s-102.7 2.6-132.1-9c-19.6-7.8-34.7-22.9-42.6-42.6-11.7-29.5-9-99.5-9-132.1s-2.6-102.7 9-132.1c7.8-19.6 22.9-34.7 42.6-42.6 29.5-11.7 99.5-9 132.1-9s102.7-2.6 132.1 9c19.6 7.8 34.7 22.9 42.6 42.6 11.7 29.5 9 99.5 9 132.1s2.7 102.7-9 132.1z\"><\/path><\/svg><\/span><\/span><\/a><\/div>\n\n\n\n<div class=\"wp-block-uagb-social-share-child uagb-ss-repeater uagb-ss__wrapper uagb-block-ef74d121\"><a class=\"uagb-ss__link\" data-href=\"https:\/\/www.linkedin.com\/shareArticle?url=\" rel=\"noopener noreferrer\"><span class=\"uagb-ss__source-wrap\"><span class=\"uagb-ss__source-icon\"><svg xmlns=\"https:\/\/www.w3.org\/2000\/svg\" viewBox=\"0 0 576 512\"><path d=\"M549.7 124.1c-6.281-23.65-24.79-42.28-48.28-48.6C458.8 64 288 64 288 64S117.2 64 74.63 75.49c-23.5 6.322-42 24.95-48.28 48.6-11.41 42.87-11.41 132.3-11.41 132.3s0 89.44 11.41 132.3c6.281 23.65 24.79 41.5 48.28 47.82C117.2 448 288 448 288 448s170.8 0 213.4-11.49c23.5-6.321 42-24.17 48.28-47.82 11.41-42.87 11.41-132.3 11.41-132.3s0-89.44-11.41-132.3zm-317.5 213.5V175.2l142.7 81.21-142.7 81.2z\"><\/path><\/svg><\/span><\/span><\/a><\/div>\n<\/div>\n<\/div><\/div>\n\n\n\n<p><\/p>\n\n\n\n<p><\/p>\n\n\n\n<div class=\"wp-block-media-text alignwide is-stacked-on-mobile is-vertically-aligned-top\" style=\"grid-template-columns:15% auto\"><figure class=\"wp-block-media-text__media\"><img loading=\"lazy\" decoding=\"async\" width=\"1024\" height=\"714\" src=\"https:\/\/angelica.ntfnd.it\/wp-content\/uploads\/2023\/06\/AAAA-1024x714.png\" alt=\"\" class=\"wp-image-1344 size-full\" srcset=\"https:\/\/angelica.ntfnd.it\/wp-content\/uploads\/2023\/06\/AAAA-1024x714.png 1024w, https:\/\/angelica.ntfnd.it\/wp-content\/uploads\/2023\/06\/AAAA-300x209.png 300w, https:\/\/angelica.ntfnd.it\/wp-content\/uploads\/2023\/06\/AAAA-768x535.png 768w, https:\/\/angelica.ntfnd.it\/wp-content\/uploads\/2023\/06\/AAAA-600x418.png 600w, https:\/\/angelica.ntfnd.it\/wp-content\/uploads\/2023\/06\/AAAA.png 1227w\" sizes=\"auto, (max-width: 1024px) 100vw, 1024px\" \/><\/figure><div class=\"wp-block-media-text__content\">\n<p class=\"has-text-color has-medium-font-size\" style=\"color:#af4600\">MISIOBETES EN ACCI\u00d3N<\/p>\n\n\n\n<p class=\"has-ast-global-color-2-color has-text-color\">Nace de la idea de un grupo de emprendedores que comparten una condici\u00f3n de salud particular: la de ser diab\u00e9ticos; y un sue\u00f1o que desean convertir en su misi\u00f3n de vida: Apoyar a las organizaciones que luchan contra los diferentes tipos de diabetes, tanto a laboratorios de investigaci\u00f3n como a fundaciones.<\/p>\n\n\n\n<p>Producimos accesorios para hacer m\u00e1s c\u00f3modo el traslado y uso de equipos para tratamiento de la diabetes (fundas, fajas portadoras, mini neveras port\u00e1tiles); tambi\u00e9n producimos afiches, gorras y camisetas con mensajes motivacionales sobre la Diabetes.<\/p>\n\n\n\n<p>Todas las utilidades obtenidas por MISIOBETES EN ACCION son donadas a laboratorios de investigaci\u00f3n para la lucha contra la diabetes y a fundaciones de apoyo a diab\u00e9ticos en situaci\u00f3n vulnerable.<\/p>\n\n\n\n<p class=\"has-ast-global-color-5-color has-text-color\"><\/p>\n\n\n\n<p class=\"has-ast-global-color-5-color has-text-color\">.<\/p>\n\n\n\n<p><\/p>\n\n\n\n<p class=\"has-text-color has-medium-font-size\" style=\"color:#9f4000;margin-top:0;margin-right:0;margin-bottom:0;margin-left:0;padding-top:0;padding-right:0;padding-bottom:0;padding-left:0\">PARA TOMAR EN CUENTA<\/p>\n\n\n\n<p>$ 6 d\u00f3lares cuesta aproximadamente un bol\u00edgrafo de insulina en Am\u00e9rica, un mes de tratamiento completo de \u00e9ste insumo puede llegar a los $ 59 d\u00f3lares; entre tanto Rusia \u201cinvierte\u201d 20 mil millones de d\u00f3lares diarios en su guerra contra Ucrania y en EEUU hay personas dispuestas a gastarse hasta $ 500 mil d\u00f3lares en un paseo a Marte cuando ese servicio de turismo espacial inicie. Con solo el costo de un d\u00eda de esa guerra se podr\u00eda pagar la insulina de todos los diab\u00e9ticos del mundo durante un mes\u2026 y sobrar\u00eda dinero. Esta es la terrible desigualdad, inequidad y locura de este mundo.<\/p>\n\n\n\n<p>Somos MISIOBETES EN ACCION un grano de arena en un inmenso desierto?\u2026 Las grandes gestas inician con peque\u00f1os pasos\u2026 Se trata de tener fe y nunca dejar de luchar; creemos en la revoluci\u00f3n de las peque\u00f1as cosas<\/p>\n\n\n\n<p class=\"has-ast-global-color-3-color has-text-color\">Seg\u00fan la Organizaci\u00f3n Mundial de la Salud (OMS), en 2021, aproximadamente 422 millones de personas en todo el mundo viv\u00edan con diabetes, y se estima que esta cifra aumentar\u00e1 en los pr\u00f3ximos a\u00f1os. La diabetes mal controlada puede dar lugar a complicaciones graves a largo plazo, que incluyen enfermedades cardiovasculares, enfermedad renal, problemas oculares, da\u00f1o nervioso y amputaciones.<\/p>\n\n\n\n<p class=\"has-ast-global-color-5-color has-text-color\">.<\/p>\n\n\n\n<p><\/p>\n\n\n\n<p><\/p>\n\n\n\n<p><\/p>\n\n\n\n<p><\/p>\n<\/div><\/div>\n\n\n\n<div class=\"wp-block-uagb-container uagb-block-7cf35356 alignfull uagb-is-root-container\"><div class=\"uagb-container-inner-blocks-wrap\"><\/div><\/div>\n","protected":false},"excerpt":{"rendered":"<p>SOBRE NOSOTROS TODOS LOS MISIO &#8211; CREADORES Ang\u00e9lica Marmolejo Alberto Marmolejo Mario Angulo Laura Villacis Juan Jos\u00e9 Moreno Andrea Maria Mendez SIGUENOS EN NUESTRAS REDES MISIOBETES EN ACCI\u00d3N Nace de la idea de un grupo de emprendedores que comparten una condici\u00f3n de salud particular: la de ser diab\u00e9ticos; y un sue\u00f1o que desean convertir en &hellip;<\/p>\n<p class=\"read-more\"> <a class=\"\" href=\"https:\/\/angelica.ntfnd.it\/?page_id=495\"> <span class=\"screen-reader-text\">SOBRE NOSOTROS<\/span> Read More &raquo;<\/a><\/p>\n","protected":false},"author":1,"featured_media":0,"parent":0,"menu_order":0,"comment_status":"closed","ping_status":"closed","template":"","meta":{"_uag_custom_page_level_css":"","site-sidebar-layout":"no-sidebar","site-content-layout":"plain-container","ast-global-header-display":"","ast-main-header-display":"","ast-hfb-above-header-display":"","ast-hfb-below-header-display":"","ast-hfb-mobile-header-display":"","site-post-title":"disabled","ast-breadcrumbs-content":"","ast-featured-img":"disabled","footer-sml-layout":"","theme-transparent-header-meta":"enabled","adv-header-id-meta":"","stick-header-meta":"","header-above-stick-meta":"","header-main-stick-meta":"","header-below-stick-meta":"","footnotes":""},"class_list":["post-495","page","type-page","status-publish","hentry"],"uagb_featured_image_src":{"full":false,"thumbnail":false,"medium":false,"medium_large":false,"large":false,"1536x1536":false,"2048x2048":false,"woocommerce_thumbnail":false,"woocommerce_single":false,"woocommerce_gallery_thumbnail":false},"uagb_author_info":{"display_name":"Angelica Marmolejo","author_link":"https:\/\/angelica.ntfnd.it\/?author=1"},"uagb_comment_info":0,"uagb_excerpt":"SOBRE NOSOTROS TODOS LOS MISIO &#8211; CREADORES Ang\u00e9lica Marmolejo Alberto Marmolejo Mario Angulo Laura Villacis Juan Jos\u00e9 Moreno Andrea Maria Mendez SIGUENOS EN NUESTRAS REDES MISIOBETES EN ACCI\u00d3N Nace de la idea de un grupo de emprendedores que comparten una condici\u00f3n de salud particular: la de ser diab\u00e9ticos; y un sue\u00f1o que desean convertir en&hellip;","_links":{"self":[{"href":"https:\/\/angelica.ntfnd.it\/index.php?rest_route=\/wp\/v2\/pages\/495","targetHints":{"allow":["GET"]}}],"collection":[{"href":"https:\/\/angelica.ntfnd.it\/index.php?rest_route=\/wp\/v2\/pages"}],"about":[{"href":"https:\/\/angelica.ntfnd.it\/index.php?rest_route=\/wp\/v2\/types\/page"}],"author":[{"embeddable":true,"href":"https:\/\/angelica.ntfnd.it\/index.php?rest_route=\/wp\/v2\/users\/1"}],"replies":[{"embeddable":true,"href":"https:\/\/angelica.ntfnd.it\/index.php?rest_route=%2Fwp%2Fv2%2Fcomments&post=495"}],"version-history":[{"count":27,"href":"https:\/\/angelica.ntfnd.it\/index.php?rest_route=\/wp\/v2\/pages\/495\/revisions"}],"predecessor-version":[{"id":1443,"href":"https:\/\/angelica.ntfnd.it\/index.php?rest_route=\/wp\/v2\/pages\/495\/revisions\/1443"}],"wp:attachment":[{"href":"https:\/\/angelica.ntfnd.it\/index.php?rest_route=%2Fwp%2Fv2%2Fmedia&parent=495"}],"curies":[{"name":"wp","href":"https:\/\/api.w.org\/{rel}","templated":true}]}}